{"id":57,"date":"2010-09-12T16:53:41","date_gmt":"2010-09-12T16:53:41","guid":{"rendered":"http:\/\/www.ttlongchamps.be\/blog\/?page_id=57"},"modified":"2012-12-03T21:32:35","modified_gmt":"2012-12-03T21:32:35","slug":"notre-salle","status":"publish","type":"page","link":"https:\/\/www.ttlongchamps.be\/blog\/notre-salle","title":{"rendered":"Notre salle"},"content":{"rendered":"<p>Notre salle est en fait la salle de gym de l&rsquo;\u00e9cole communale de Longchamps.<br \/>\nLa salle de l&rsquo;\u00e9cole communale de Longchamps nous permet de mettre jusqu&rsquo;\u00e0 5 tables en entra\u00eenement et 4 lors des rencontres d&rsquo;interclubs.<\/p>\nngg_shortcode_0_placeholder\n<p>Adresse : Longchamps 660, 6688 Longchamps<\/p>\n","protected":false},"excerpt":{"rendered":"<p>Notre salle est en fait la salle de gym de l&rsquo;\u00e9cole communale de Longchamps. La salle de l&rsquo;\u00e9cole communale de Longchamps nous permet de mettre jusqu&rsquo;\u00e0 5 tables en entra\u00eenement et 4 lors des rencontres d&rsquo;interclubs. Adresse : Longchamps 660, &hellip; <a href=\"https:\/\/www.ttlongchamps.be\/blog\/notre-salle\">Continuer la lecture <span class=\"meta-nav\">&rarr;<\/span><\/a><\/p>\n","protected":false},"author":1,"featured_media":0,"parent":0,"menu_order":0,"comment_status":"open","ping_status":"open","template":"","meta":{"_monsterinsights_skip_tracking":false,"_monsterinsights_sitenote_active":false,"_monsterinsights_sitenote_note":"","_monsterinsights_sitenote_category":0,"ngg_post_thumbnail":0,"footnotes":""},"class_list":["post-57","page","type-page","status-publish","hentry"],"yoast_head":"<!-- This site is optimized with the Yoast SEO plugin v25.0 - https:\/\/yoast.com\/wordpress\/plugins\/seo\/ -->\n<title>Notre salle |<\/title>\n<meta name=\"robots\" content=\"index, follow, max-snippet:-1, max-image-preview:large, max-video-preview:-1\" \/>\n<link rel=\"canonical\" href=\"https:\/\/www.ttlongchamps.be\/blog\/notre-salle\" \/>\n<meta property=\"og:locale\" content=\"fr_FR\" \/>\n<meta property=\"og:type\" content=\"article\" \/>\n<meta property=\"og:title\" content=\"Notre salle |\" \/>\n<meta property=\"og:description\" content=\"Notre salle est en fait la salle de gym de l&rsquo;\u00e9cole communale de Longchamps. La salle de l&rsquo;\u00e9cole communale de Longchamps nous permet de mettre jusqu&rsquo;\u00e0 5 tables en entra\u00eenement et 4 lors des rencontres d&rsquo;interclubs. Adresse : Longchamps 660, &hellip; Continuer la lecture &rarr;\" \/>\n<meta property=\"og:url\" content=\"https:\/\/www.ttlongchamps.be\/blog\/notre-salle\" \/>\n<meta property=\"og:site_name\" content=\"Club de tennis de table de Longchamps\" \/>\n<meta property=\"article:modified_time\" content=\"2012-12-03T21:32:35+00:00\" \/>\n<script type=\"application\/ld+json\" class=\"yoast-schema-graph\">{\"@context\":\"https:\/\/schema.org\",\"@graph\":[{\"@type\":\"WebPage\",\"@id\":\"https:\/\/www.ttlongchamps.be\/blog\/notre-salle\",\"url\":\"https:\/\/www.ttlongchamps.be\/blog\/notre-salle\",\"name\":\"Notre salle |\",\"isPartOf\":{\"@id\":\"https:\/\/www.ttlongchamps.be\/blog\/#website\"},\"datePublished\":\"2010-09-12T16:53:41+00:00\",\"dateModified\":\"2012-12-03T21:32:35+00:00\",\"breadcrumb\":{\"@id\":\"https:\/\/www.ttlongchamps.be\/blog\/notre-salle#breadcrumb\"},\"inLanguage\":\"fr-FR\",\"potentialAction\":[{\"@type\":\"ReadAction\",\"target\":[\"https:\/\/www.ttlongchamps.be\/blog\/notre-salle\"]}]},{\"@type\":\"BreadcrumbList\",\"@id\":\"https:\/\/www.ttlongchamps.be\/blog\/notre-salle#breadcrumb\",\"itemListElement\":[{\"@type\":\"ListItem\",\"position\":1,\"name\":\"Accueil\",\"item\":\"https:\/\/www.ttlongchamps.be\/blog\"},{\"@type\":\"ListItem\",\"position\":2,\"name\":\"Notre salle\"}]},{\"@type\":\"WebSite\",\"@id\":\"https:\/\/www.ttlongchamps.be\/blog\/#website\",\"url\":\"https:\/\/www.ttlongchamps.be\/blog\/\",\"name\":\"Club de tennis de table de Longchamps\",\"description\":\"Entre Bastogne et Bertogne | Province Luxembourg\",\"potentialAction\":[{\"@type\":\"SearchAction\",\"target\":{\"@type\":\"EntryPoint\",\"urlTemplate\":\"https:\/\/www.ttlongchamps.be\/blog\/?s={search_term_string}\"},\"query-input\":{\"@type\":\"PropertyValueSpecification\",\"valueRequired\":true,\"valueName\":\"search_term_string\"}}],\"inLanguage\":\"fr-FR\"}]}<\/script>\n<!-- \/ Yoast SEO plugin. -->","yoast_head_json":{"title":"Notre salle |","robots":{"index":"index","follow":"follow","max-snippet":"max-snippet:-1","max-image-preview":"max-image-preview:large","max-video-preview":"max-video-preview:-1"},"canonical":"https:\/\/www.ttlongchamps.be\/blog\/notre-salle","og_locale":"fr_FR","og_type":"article","og_title":"Notre salle |","og_description":"Notre salle est en fait la salle de gym de l&rsquo;\u00e9cole communale de Longchamps. La salle de l&rsquo;\u00e9cole communale de Longchamps nous permet de mettre jusqu&rsquo;\u00e0 5 tables en entra\u00eenement et 4 lors des rencontres d&rsquo;interclubs. Adresse : Longchamps 660, &hellip; Continuer la lecture &rarr;","og_url":"https:\/\/www.ttlongchamps.be\/blog\/notre-salle","og_site_name":"Club de tennis de table de Longchamps","article_modified_time":"2012-12-03T21:32:35+00:00","schema":{"@context":"https:\/\/schema.org","@graph":[{"@type":"WebPage","@id":"https:\/\/www.ttlongchamps.be\/blog\/notre-salle","url":"https:\/\/www.ttlongchamps.be\/blog\/notre-salle","name":"Notre salle |","isPartOf":{"@id":"https:\/\/www.ttlongchamps.be\/blog\/#website"},"datePublished":"2010-09-12T16:53:41+00:00","dateModified":"2012-12-03T21:32:35+00:00","breadcrumb":{"@id":"https:\/\/www.ttlongchamps.be\/blog\/notre-salle#breadcrumb"},"inLanguage":"fr-FR","potentialAction":[{"@type":"ReadAction","target":["https:\/\/www.ttlongchamps.be\/blog\/notre-salle"]}]},{"@type":"BreadcrumbList","@id":"https:\/\/www.ttlongchamps.be\/blog\/notre-salle#breadcrumb","itemListElement":[{"@type":"ListItem","position":1,"name":"Accueil","item":"https:\/\/www.ttlongchamps.be\/blog"},{"@type":"ListItem","position":2,"name":"Notre salle"}]},{"@type":"WebSite","@id":"https:\/\/www.ttlongchamps.be\/blog\/#website","url":"https:\/\/www.ttlongchamps.be\/blog\/","name":"Club de tennis de table de Longchamps","description":"Entre Bastogne et Bertogne | Province Luxembourg","potentialAction":[{"@type":"SearchAction","target":{"@type":"EntryPoint","urlTemplate":"https:\/\/www.ttlongchamps.be\/blog\/?s={search_term_string}"},"query-input":{"@type":"PropertyValueSpecification","valueRequired":true,"valueName":"search_term_string"}}],"inLanguage":"fr-FR"}]}},"_links":{"self":[{"href":"https:\/\/www.ttlongchamps.be\/blog\/wp-json\/wp\/v2\/pages\/57","targetHints":{"allow":["GET"]}}],"collection":[{"href":"https:\/\/www.ttlongchamps.be\/blog\/wp-json\/wp\/v2\/pages"}],"about":[{"href":"https:\/\/www.ttlongchamps.be\/blog\/wp-json\/wp\/v2\/types\/page"}],"author":[{"embeddable":true,"href":"https:\/\/www.ttlongchamps.be\/blog\/wp-json\/wp\/v2\/users\/1"}],"replies":[{"embeddable":true,"href":"https:\/\/www.ttlongchamps.be\/blog\/wp-json\/wp\/v2\/comments?post=57"}],"version-history":[{"count":9,"href":"https:\/\/www.ttlongchamps.be\/blog\/wp-json\/wp\/v2\/pages\/57\/revisions"}],"predecessor-version":[{"id":63,"href":"https:\/\/www.ttlongchamps.be\/blog\/wp-json\/wp\/v2\/pages\/57\/revisions\/63"}],"wp:attachment":[{"href":"https:\/\/www.ttlongchamps.be\/blog\/wp-json\/wp\/v2\/media?parent=57"}],"curies":[{"name":"wp","href":"https:\/\/api.w.org\/{rel}","templated":true}]}}